{"id":3119,"date":"2024-05-28T07:53:33","date_gmt":"2024-05-28T05:53:33","guid":{"rendered":"https:\/\/shgguitars.com\/?page_id=3119"},"modified":"2024-06-26T17:08:12","modified_gmt":"2024-06-26T15:08:12","slug":"impresszum","status":"publish","type":"page","link":"https:\/\/shgguitars.com\/en\/impresszum\/","title":{"rendered":"Impressum"},"content":{"rendered":"<div data-elementor-type=\"wp-page\" data-elementor-id=\"3119\" class=\"elementor elementor-3119\" data-elementor-post-type=\"page\">\n\t\t\t\t<div class=\"elementor-element elementor-element-6ccf81a8 e-con-full e-flex e-con e-parent\" data-id=\"6ccf81a8\" data-element_type=\"container\" data-settings=\"{&quot;background_background&quot;:&quot;gradient&quot;,&quot;shape_divider_bottom&quot;:&quot;triangle-asymmetrical&quot;}\">\n\t\t\t\t<div class=\"elementor-shape elementor-shape-bottom\" aria-hidden=\"true\" data-negative=\"false\">\n\t\t\t<svg xmlns=\"http:\/\/www.w3.org\/2000\/svg\" viewbox=\"0 0 1000 100\" preserveaspectratio=\"none\">\n\t<path class=\"elementor-shape-fill\" d=\"M738,99l262-93V0H0v5.6L738,99z\"\/>\n<\/svg>\t\t<\/div>\n\t\t\t\t<div class=\"elementor-element elementor-element-2ebb5e82 elementor-widget elementor-widget-heading\" data-id=\"2ebb5e82\" data-element_type=\"widget\" data-widget_type=\"heading.default\">\n\t\t\t\t<div class=\"elementor-widget-container\">\n\t\t\t\t\t<h2 class=\"elementor-heading-title elementor-size-default\">Impressum<\/h2>\t\t\t\t<\/div>\n\t\t\t\t<\/div>\n\t\t\t\t<\/div>\n\t\t<div class=\"elementor-element elementor-element-afd9708 e-flex e-con-boxed e-con e-parent\" data-id=\"afd9708\" data-element_type=\"container\" data-settings=\"{&quot;background_background&quot;:&quot;classic&quot;}\">\n\t\t\t\t\t<div class=\"e-con-inner\">\n\t\t\t\t<div class=\"elementor-element elementor-element-25f29fb elementor-widget elementor-widget-heading\" data-id=\"25f29fb\" data-element_type=\"widget\" data-widget_type=\"heading.default\">\n\t\t\t\t<div class=\"elementor-widget-container\">\n\t\t\t\t\t<h2 class=\"elementor-heading-title elementor-size-default\">V\u00e1llalkoz\u00e1s adatai:<\/h2>\t\t\t\t<\/div>\n\t\t\t\t<\/div>\n\t\t\t\t<div class=\"elementor-element elementor-element-85ae139 elementor-widget elementor-widget-text-editor\" data-id=\"85ae139\" data-element_type=\"widget\" data-widget_type=\"text-editor.default\">\n\t\t\t\t<div class=\"elementor-widget-container\">\n\t\t\t\t\t\t\t\t\t<p>C\u00e9gn\u00e9v: N\u00e1dasi Ferenc E.V.<br>Nyilv\u00e1ntart\u00e1si sz\u00e1m: 52897885<br>Sz\u00e9khely: 9200 Mosonmagyar\u00f3v\u00e1r, Kir\u00e1lyhidai utca 6.<br>Posta c\u00edm: 9200 Mosonmagyar\u00f3v\u00e1r, Kir\u00e1lyhidai utca 6.<br>Ad\u00f3sz\u00e1m: 69239742-1-28<br>Telefonsz\u00e1m: +36 70 513 68 74<br>E-mail:&nbsp;<a href=\"mailto:szaki@shgguitars.com\">shgguitars.com<\/a><\/p>\t\t\t\t\t\t\t\t<\/div>\n\t\t\t\t<\/div>\n\t\t\t\t<div class=\"elementor-element elementor-element-17079f8 elementor-widget elementor-widget-heading\" data-id=\"17079f8\" data-element_type=\"widget\" data-widget_type=\"heading.default\">\n\t\t\t\t<div class=\"elementor-widget-container\">\n\t\t\t\t\t<h2 class=\"elementor-heading-title elementor-size-default\">T\u00e1rhelyszolg\u00e1ltat\u00f3 adatai:<\/h2>\t\t\t\t<\/div>\n\t\t\t\t<\/div>\n\t\t\t\t<div class=\"elementor-element elementor-element-c1b4c1b elementor-widget elementor-widget-text-editor\" data-id=\"c1b4c1b\" data-element_type=\"widget\" data-widget_type=\"text-editor.default\">\n\t\t\t\t<div class=\"elementor-widget-container\">\n\t\t\t\t\t\t\t\t\t<p>C\u00e9gn\u00e9v: T\u00e1rhely.Eu Szolg\u00e1ltat\u00f3 Kft.<br \/>C\u00e9gjegyz\u00e9ksz\u00e1m: 01-09-909968<br \/>Ad\u00f3sz\u00e1m: 14571332-2-42<br \/>Tarhely.eu sz\u00e9khelye: 1144 Budapest, Orm\u00e1ns\u00e1g utca 4. X. em. 241. ajt\u00f3<br \/>Tarhely.eu weboldala: <a href=\"https:\/\/tarhely.eu\">https:\/\/tarhely.eu<\/a><\/p>\t\t\t\t\t\t\t\t<\/div>\n\t\t\t\t<\/div>\n\t\t\t\t\t<\/div>\n\t\t\t\t<\/div>\n\t\t<div class=\"elementor-element elementor-element-a269987 e-con-full e-flex e-con e-parent\" data-id=\"a269987\" data-element_type=\"container\" data-settings=\"{&quot;background_background&quot;:&quot;classic&quot;,&quot;shape_divider_top&quot;:&quot;triangle-asymmetrical&quot;}\">\n\t\t\t\t<div class=\"elementor-shape elementor-shape-top\" aria-hidden=\"true\" data-negative=\"false\">\n\t\t\t<svg xmlns=\"http:\/\/www.w3.org\/2000\/svg\" viewbox=\"0 0 1000 100\" preserveaspectratio=\"none\">\n\t<path class=\"elementor-shape-fill\" d=\"M738,99l262-93V0H0v5.6L738,99z\"\/>\n<\/svg>\t\t<\/div>\n\t\t\t\t<\/div>\n\t\t\t\t<\/div>","protected":false},"excerpt":{"rendered":"<p>Impresszum V\u00e1llalkoz\u00e1s adatai: C\u00e9gn\u00e9v: N\u00e1dasi Ferenc E.V.Nyilv\u00e1ntart\u00e1si sz\u00e1m: 52897885Sz\u00e9khely: 9200 Mosonmagyar\u00f3v\u00e1r, Kir\u00e1lyhidai utca 6.Posta c\u00edm: 9200 Mosonmagyar\u00f3v\u00e1r, Kir\u00e1lyhidai utca 6.Ad\u00f3sz\u00e1m: 69239742-1-28Telefonsz\u00e1m: +36 70 513 68 74E-mail:&nbsp;shgguitars.com T\u00e1rhelyszolg\u00e1ltat\u00f3 adatai: C\u00e9gn\u00e9v: T\u00e1rhely.Eu Szolg\u00e1ltat\u00f3 Kft.C\u00e9gjegyz\u00e9ksz\u00e1m: 01-09-909968Ad\u00f3sz\u00e1m: 14571332-2-42Tarhely.eu sz\u00e9khelye: 1144 Budapest, Orm\u00e1ns\u00e1g utca 4. X. em. 241. ajt\u00f3Tarhely.eu weboldala: https:\/\/tarhely.eu<\/p>","protected":false},"author":2,"featured_media":0,"parent":0,"menu_order":0,"comment_status":"closed","ping_status":"closed","template":"elementor_header_footer","meta":{"_acf_changed":false,"_seopress_robots_primary_cat":"","_seopress_titles_title":"","_seopress_titles_desc":"","_seopress_robots_index":"yes","inline_featured_image":false,"_monsterinsights_skip_tracking":false,"_monsterinsights_sitenote_active":false,"_monsterinsights_sitenote_note":"","_monsterinsights_sitenote_category":0,"footnotes":""},"class_list":["post-3119","page","type-page","status-publish"],"acf":[],"_links":{"self":[{"href":"https:\/\/shgguitars.com\/en\/wp-json\/wp\/v2\/pages\/3119","targetHints":{"allow":["GET"]}}],"collection":[{"href":"https:\/\/shgguitars.com\/en\/wp-json\/wp\/v2\/pages"}],"about":[{"href":"https:\/\/shgguitars.com\/en\/wp-json\/wp\/v2\/types\/page"}],"author":[{"embeddable":true,"href":"https:\/\/shgguitars.com\/en\/wp-json\/wp\/v2\/users\/2"}],"replies":[{"embeddable":true,"href":"https:\/\/shgguitars.com\/en\/wp-json\/wp\/v2\/comments?post=3119"}],"version-history":[{"count":0,"href":"https:\/\/shgguitars.com\/en\/wp-json\/wp\/v2\/pages\/3119\/revisions"}],"wp:attachment":[{"href":"https:\/\/shgguitars.com\/en\/wp-json\/wp\/v2\/media?parent=3119"}],"curies":[{"name":"wp","href":"https:\/\/api.w.org\/{rel}","templated":true}]}}