{"id":3075,"date":"2024-05-27T20:22:42","date_gmt":"2024-05-27T18:22:42","guid":{"rendered":"https:\/\/shgguitars.com\/?page_id=3075"},"modified":"2025-01-17T17:03:20","modified_gmt":"2025-01-17T15:03:20","slug":"story","status":"publish","type":"page","link":"https:\/\/shgguitars.com\/de\/story\/","title":{"rendered":"\u00dcBER MICH"},"content":{"rendered":"<div data-elementor-type=\"wp-page\" data-elementor-id=\"3075\" class=\"elementor elementor-3075\" data-elementor-post-type=\"page\">\n\t\t\t\t<div class=\"elementor-element elementor-element-6ccf81a8 e-con-full e-flex e-con e-parent\" data-id=\"6ccf81a8\" data-element_type=\"container\" data-settings=\"{&quot;background_background&quot;:&quot;gradient&quot;,&quot;shape_divider_bottom&quot;:&quot;triangle-asymmetrical&quot;}\">\n\t\t\t\t<div class=\"elementor-shape elementor-shape-bottom\" aria-hidden=\"true\" data-negative=\"false\">\n\t\t\t<svg xmlns=\"http:\/\/www.w3.org\/2000\/svg\" viewbox=\"0 0 1000 100\" preserveaspectratio=\"none\">\n\t<path class=\"elementor-shape-fill\" d=\"M738,99l262-93V0H0v5.6L738,99z\"\/>\n<\/svg>\t\t<\/div>\n\t\t\t\t<div class=\"elementor-element elementor-element-2ebb5e82 elementor-widget elementor-widget-heading\" data-id=\"2ebb5e82\" data-element_type=\"widget\" data-widget_type=\"heading.default\">\n\t\t\t\t<div class=\"elementor-widget-container\">\n\t\t\t\t\t<h1 class=\"elementor-heading-title elementor-size-default\">\u00dcBER MICH<\/h1>\t\t\t\t<\/div>\n\t\t\t\t<\/div>\n\t\t\t\t<\/div>\n\t\t<div class=\"elementor-element elementor-element-b91c125 e-flex e-con-boxed e-con e-parent\" data-id=\"b91c125\" data-element_type=\"container\" data-settings=\"{&quot;background_background&quot;:&quot;classic&quot;}\">\n\t\t\t\t\t<div class=\"e-con-inner\">\n\t\t<div class=\"elementor-element elementor-element-f5f58a2 mdw-image-numbers e-con-full e-flex e-con e-child\" data-id=\"f5f58a2\" data-element_type=\"container\" id=\"cart\" data-settings=\"{&quot;background_background&quot;:&quot;classic&quot;}\">\n\t\t<div class=\"elementor-element elementor-element-cf54a5e mdw-image-numbers e-con-full e-flex e-con e-child\" data-id=\"cf54a5e\" data-element_type=\"container\" id=\"cart\" data-settings=\"{&quot;background_background&quot;:&quot;classic&quot;}\">\n\t\t\t\t<\/div>\n\t\t<div class=\"elementor-element elementor-element-e50d303 mdw-image-numbers e-con-full e-flex e-con e-child\" data-id=\"e50d303\" data-element_type=\"container\" id=\"cart\" data-settings=\"{&quot;background_background&quot;:&quot;classic&quot;}\">\n\t\t<div class=\"elementor-element elementor-element-d7f4215 mdw-image-numbers e-con-full e-flex e-con e-child\" data-id=\"d7f4215\" data-element_type=\"container\" id=\"cart\" data-settings=\"{&quot;background_background&quot;:&quot;classic&quot;}\">\n\t\t\t\t<div class=\"elementor-element elementor-element-fceb14d elementor-widget__width-inherit elementor-widget elementor-widget-heading\" data-id=\"fceb14d\" data-element_type=\"widget\" data-widget_type=\"heading.default\">\n\t\t\t\t<div class=\"elementor-widget-container\">\n\t\t\t\t\t<h2 class=\"elementor-heading-title elementor-size-default\">\u201cThe Old One\u201c und Grunge<\/h2>\t\t\t\t<\/div>\n\t\t\t\t<\/div>\n\t\t\t\t<div class=\"elementor-element elementor-element-d45cdf7 elementor-widget elementor-widget-text-editor\" data-id=\"d45cdf7\" data-element_type=\"widget\" data-widget_type=\"text-editor.default\">\n\t\t\t\t<div class=\"elementor-widget-container\">\n\t\t\t\t\t\t\t\t\t<p>Zwei Komponenten: Holz und Musik; dies sind die Grundbestandteile von SHG. Die erste habe ich von meinem Gro\u00dfvater bekommen, der ein angesehener Holzschnitzer und Zimmermann war. Die andere kam quasi von selbst: ich begann mit 14 Jahren Gitarre zu spielen. Ich habe mich mit vielen Musikstilen ausseinandergesetzt, aber meine Leidenschaft f\u00fcr Grunge hat nie aufgeh\u00f6rt. Dank dessen begann ich schlie\u00dflich, Instrumente zu bauen.<\/p>\t\t\t\t\t\t\t\t<\/div>\n\t\t\t\t<\/div>\n\t\t\t\t<\/div>\n\t\t<div class=\"elementor-element elementor-element-050ec9b mdw-image-numbers e-con-full e-flex e-con e-child\" data-id=\"050ec9b\" data-element_type=\"container\" data-settings=\"{&quot;background_background&quot;:&quot;classic&quot;}\">\n\t\t\t\t<div class=\"elementor-element elementor-element-fcb8b63 elementor-widget__width-inherit elementor-widget elementor-widget-heading\" data-id=\"fcb8b63\" data-element_type=\"widget\" data-widget_type=\"heading.default\">\n\t\t\t\t<div class=\"elementor-widget-container\">\n\t\t\t\t\t<h2 class=\"elementor-heading-title elementor-size-default\">Der Vintage und das Moderne<\/h2>\t\t\t\t<\/div>\n\t\t\t\t<\/div>\n\t\t\t\t<div class=\"elementor-element elementor-element-822882f elementor-widget elementor-widget-text-editor\" data-id=\"822882f\" data-element_type=\"widget\" data-widget_type=\"text-editor.default\">\n\t\t\t\t<div class=\"elementor-widget-container\">\n\t\t\t\t\t\t\t\t\t<p>Ich baue seit 2013 Gitarren. Ich habe traditionelle Designs immer respektiert, aber gleichzeitig \u201erebelliere\u201c ich ein bisschen dagegen. Denn warum sollte eine Stratocaster nicht eine L\u00f6sung bekommen, die nicht typisch ist, aber dennoch den Klang und das Spielerlebnis verbessert? Diese Dualit\u00e4t ist f\u00fcr mich die spannendste und gleichzeitig gr\u00f6\u00dfte Herausforderung im Instrumentenbau: Tradition bewahren und gleichzeitig <b>den Schritt halten (UP-TO-DATE SEIN) <\/b>. F\u00fcr mich ist jedoch das Wichtigste, dass jeder, der zu mir kommt, mit einem komfortablen und professionellen Instrument nach Hause geht.<\/p>\t\t\t\t\t\t\t\t<\/div>\n\t\t\t\t<\/div>\n\t\t\t\t<\/div>\n\t\t\t\t<\/div>\n\t\t\t\t<\/div>\n\t\t\t\t\t<\/div>\n\t\t\t\t<\/div>\n\t\t<div class=\"elementor-element elementor-element-1e597f8 e-flex e-con-boxed e-con e-parent\" data-id=\"1e597f8\" data-element_type=\"container\" data-settings=\"{&quot;background_background&quot;:&quot;classic&quot;}\">\n\t\t\t\t\t<div class=\"e-con-inner\">\n\t\t<div class=\"elementor-element elementor-element-a135a9a mdw-image-numbers e-con-full e-flex e-con e-child\" data-id=\"a135a9a\" data-element_type=\"container\" data-settings=\"{&quot;background_background&quot;:&quot;classic&quot;}\">\n\t\t<div class=\"elementor-element elementor-element-5112099 mdw-image-numbers e-con-full e-flex e-con e-child\" data-id=\"5112099\" data-element_type=\"container\" data-settings=\"{&quot;background_background&quot;:&quot;classic&quot;}\">\n\t\t<div class=\"elementor-element elementor-element-bcd3c9a mdw-image-numbers e-con-full e-flex e-con e-child\" data-id=\"bcd3c9a\" data-element_type=\"container\" data-settings=\"{&quot;background_background&quot;:&quot;classic&quot;}\">\n\t\t\t\t<div class=\"elementor-element elementor-element-89f4eac elementor-widget__width-inherit elementor-widget elementor-widget-heading\" data-id=\"89f4eac\" data-element_type=\"widget\" data-widget_type=\"heading.default\">\n\t\t\t\t<div class=\"elementor-widget-container\">\n\t\t\t\t\t<h2 class=\"elementor-heading-title elementor-size-default\">Preis und Wert<\/h2>\t\t\t\t<\/div>\n\t\t\t\t<\/div>\n\t\t\t\t<div class=\"elementor-element elementor-element-fbb6719 elementor-widget elementor-widget-text-editor\" data-id=\"fbb6719\" data-element_type=\"widget\" data-widget_type=\"text-editor.default\">\n\t\t\t\t<div class=\"elementor-widget-container\">\n\t\t\t\t\t\t\t\t\t<p>Nat\u00fcrlich lohnt es sich, ein Instrument nicht nur in der Hand zu haben und spielen, sondern Sie ebenfalls richtig zu pflegen. Viele Menschen verstehen jedoch nicht ganz, welche Art von Gitarren eine Pflege verdienen. Ich denke, es kommt nicht darauf an, wie viel das Instrument wert ist, sondern darauf, wie wichtig es f\u00fcr den Besitzer ist! Deshalb repariere und warte ich Instrumente in jeder Preisklasse; egal ob Akustik-, Elektro- oder Bassgitarren, manchmal aber auch Banjos, Mandolinen, Ukulelen und andere Zupfinstrumente.<\/p>\t\t\t\t\t\t\t\t<\/div>\n\t\t\t\t<\/div>\n\t\t\t\t<\/div>\n\t\t<div class=\"elementor-element elementor-element-2f02eab mdw-image-numbers e-con-full e-flex e-con e-child\" data-id=\"2f02eab\" data-element_type=\"container\" data-settings=\"{&quot;background_background&quot;:&quot;classic&quot;}\">\n\t\t\t\t<div class=\"elementor-element elementor-element-5e35711 elementor-widget__width-inherit elementor-widget elementor-widget-heading\" data-id=\"5e35711\" data-element_type=\"widget\" data-widget_type=\"heading.default\">\n\t\t\t\t<div class=\"elementor-widget-container\">\n\t\t\t\t\t<h2 class=\"elementor-heading-title elementor-size-default\">Von Werkstatt zu Werkstatt<\/h2>\t\t\t\t<\/div>\n\t\t\t\t<\/div>\n\t\t\t\t<div class=\"elementor-element elementor-element-c3d50d6 elementor-widget elementor-widget-text-editor\" data-id=\"c3d50d6\" data-element_type=\"widget\" data-widget_type=\"text-editor.default\">\n\t\t\t\t<div class=\"elementor-widget-container\">\n\t\t\t\t\t\t\t\t\t<p>Mit 18 Jahren begann ich als Tischler zu arbeiten. Ich habe etliches entworfen, gebaut, bemalt und lackiert; aus diesen Erfahrungen profitiere noch noch immer bei Szaki Handmade Guitars (jetzt wissen Sie, wof\u00fcr SHG steht!). Instrumente zu bauen hat mir schlie\u00dflich so gut gefallen, dass ich mich nach 10 Jahren selbstst\u00e4ndig gemacht habe.. Die meisten Arbeiten erledige ich mit der Hand und mit kleinen Maschinen, ich verlasse mich nur in seltenen F\u00e4llen auf CNC. Selbst dann nur mit Ellbogen! Spa\u00df beiseite, deswegen ist jede SHG-Gitarre einzigartig. Die Instrumente kommen nicht vom Band, sondern hinter jeder St\u00fcck steckt mehrere Monate Handarbeit.<\/p>\t\t\t\t\t\t\t\t<\/div>\n\t\t\t\t<\/div>\n\t\t\t\t<\/div>\n\t\t\t\t<\/div>\n\t\t<div class=\"elementor-element elementor-element-3ecb890 mdw-image-numbers e-con-full e-flex e-con e-child\" data-id=\"3ecb890\" data-element_type=\"container\" data-settings=\"{&quot;background_background&quot;:&quot;classic&quot;}\">\n\t\t\t\t<\/div>\n\t\t\t\t<\/div>\n\t\t\t\t\t<\/div>\n\t\t\t\t<\/div>\n\t\t<div class=\"elementor-element elementor-element-21110fe1 mdw-image-numbers e-con-full e-flex e-con e-parent\" data-id=\"21110fe1\" data-element_type=\"container\" id=\"cart\" data-settings=\"{&quot;background_background&quot;:&quot;classic&quot;}\">\n\t\t<a class=\"elementor-element elementor-element-42735406 e-flex e-con-boxed e-con e-child\" data-id=\"42735406\" data-element_type=\"container\" data-settings=\"{&quot;animation_mobile&quot;:&quot;none&quot;}\" href=\"https:\/\/shgguitars.com\/de\/gitarrenbau\/\">\n\t\t\t\t\t<div class=\"e-con-inner\">\n\t\t<div class=\"elementor-element elementor-element-16205c53 e-con-full e-flex e-con e-child\" data-id=\"16205c53\" data-element_type=\"container\">\n\t\t<div class=\"elementor-element elementor-element-39913f95 e-con-full animated-slow e-flex elementor-invisible e-con e-child\" data-id=\"39913f95\" data-element_type=\"container\" data-settings=\"{&quot;animation&quot;:&quot;fadeInUp&quot;}\">\n\t\t\t\t<div class=\"elementor-element elementor-element-f6c8da5 elementor-widget elementor-widget-heading\" data-id=\"f6c8da5\" data-element_type=\"widget\" data-widget_type=\"heading.default\">\n\t\t\t\t<div class=\"elementor-widget-container\">\n\t\t\t\t\t<h2 class=\"elementor-heading-title elementor-size-default\">GITARRENANFERTIGUNG<br>AUF WUNSCH<\/h2>\t\t\t\t<\/div>\n\t\t\t\t<\/div>\n\t\t\t\t<div class=\"elementor-element elementor-element-618295c7 elementor-widget elementor-widget-heading\" data-id=\"618295c7\" data-element_type=\"widget\" data-widget_type=\"heading.default\">\n\t\t\t\t<div class=\"elementor-widget-container\">\n\t\t\t\t\t<h3 class=\"elementor-heading-title elementor-size-default\">Design, Konstruktion, Lackierung und Fertigstellung<\/h3>\t\t\t\t<\/div>\n\t\t\t\t<\/div>\n\t\t\t\t<div class=\"elementor-element elementor-element-6b078b5e moving-icon elementor-hidden-desktop elementor-view-default elementor-widget elementor-widget-icon\" data-id=\"6b078b5e\" data-element_type=\"widget\" data-widget_type=\"icon.default\">\n\t\t\t\t<div class=\"elementor-widget-container\">\n\t\t\t\t\t\t\t<div class=\"elementor-icon-wrapper\">\n\t\t\t<div class=\"elementor-icon\">\n\t\t\t<svg aria-hidden=\"true\" class=\"e-font-icon-svg e-fas-arrow-right\" viewbox=\"0 0 448 512\" xmlns=\"http:\/\/www.w3.org\/2000\/svg\"><path d=\"M190.5 66.9l22.2-22.2c9.4-9.4 24.6-9.4 33.9 0L441 239c9.4 9.4 9.4 24.6 0 33.9L246.6 467.3c-9.4 9.4-24.6 9.4-33.9 0l-22.2-22.2c-9.5-9.5-9.3-25 .4-34.3L311.4 296H24c-13.3 0-24-10.7-24-24v-32c0-13.3 10.7-24 24-24h287.4L190.9 101.2c-9.8-9.3-10-24.8-.4-34.3z\"><\/path><\/svg>\t\t\t<\/div>\n\t\t<\/div>\n\t\t\t\t\t\t<\/div>\n\t\t\t\t<\/div>\n\t\t\t\t<\/div>\n\t\t\t\t<div class=\"elementor-element elementor-element-28c23a86 elementor-widget__width-initial elementor-absolute elementor-widget-divider--view-line elementor-invisible elementor-widget elementor-widget-divider\" data-id=\"28c23a86\" data-element_type=\"widget\" data-settings=\"{&quot;_position&quot;:&quot;absolute&quot;,&quot;_animation&quot;:&quot;fadeIn&quot;}\" data-widget_type=\"divider.default\">\n\t\t\t\t<div class=\"elementor-widget-container\">\n\t\t\t\t\t\t\t<div class=\"elementor-divider\">\n\t\t\t<span class=\"elementor-divider-separator\">\n\t\t\t\t\t\t<\/span>\n\t\t<\/div>\n\t\t\t\t\t\t<\/div>\n\t\t\t\t<\/div>\n\t\t\t\t<div class=\"elementor-element elementor-element-4f20f45d animated-slow elementor-invisible elementor-widget elementor-widget-heading\" data-id=\"4f20f45d\" data-element_type=\"widget\" data-settings=\"{&quot;_animation&quot;:&quot;fadeInUp&quot;,&quot;_animation_delay&quot;:200}\" data-widget_type=\"heading.default\">\n\t\t\t\t<div class=\"elementor-widget-container\">\n\t\t\t\t\t<h2 class=\"elementor-heading-title elementor-size-default\">1<\/h2>\t\t\t\t<\/div>\n\t\t\t\t<\/div>\n\t\t\t\t<\/div>\n\t\t\t\t\t<\/div>\n\t\t\t\t<\/a>\n\t\t<a class=\"elementor-element elementor-element-682b8de7 e-flex e-con-boxed e-con e-child\" data-id=\"682b8de7\" data-element_type=\"container\" data-settings=\"{&quot;animation_mobile&quot;:&quot;fadeIn&quot;}\" href=\"https:\/\/shgguitars.com\/de\/gitarren\/\">\n\t\t\t\t\t<div class=\"e-con-inner\">\n\t\t<div class=\"elementor-element elementor-element-76111539 e-con-full e-flex e-con e-child\" data-id=\"76111539\" data-element_type=\"container\">\n\t\t<div class=\"elementor-element elementor-element-31b7d3c7 e-con-full animated-slow e-flex elementor-invisible e-con e-child\" data-id=\"31b7d3c7\" data-element_type=\"container\" data-settings=\"{&quot;animation&quot;:&quot;fadeInUp&quot;,&quot;animation_delay&quot;:250}\">\n\t\t\t\t<div class=\"elementor-element elementor-element-2532432b elementor-widget elementor-widget-heading\" data-id=\"2532432b\" data-element_type=\"widget\" data-widget_type=\"heading.default\">\n\t\t\t\t<div class=\"elementor-widget-container\">\n\t\t\t\t\t<h2 class=\"elementor-heading-title elementor-size-default\">CUSTOM<br>E-GITARREN<\/h2>\t\t\t\t<\/div>\n\t\t\t\t<\/div>\n\t\t\t\t<div class=\"elementor-element elementor-element-311f222a elementor-widget elementor-widget-heading\" data-id=\"311f222a\" data-element_type=\"widget\" data-widget_type=\"heading.default\">\n\t\t\t\t<div class=\"elementor-widget-container\">\n\t\t\t\t\t<h3 class=\"elementor-heading-title elementor-size-default\">Handgefertigte, ma\u00dfgeschneiderte, einzigartige Instrumente und eigene Konzepte<\/h3>\t\t\t\t<\/div>\n\t\t\t\t<\/div>\n\t\t\t\t<div class=\"elementor-element elementor-element-36fc8029 moving-icon elementor-hidden-desktop elementor-view-default elementor-widget elementor-widget-icon\" data-id=\"36fc8029\" data-element_type=\"widget\" data-widget_type=\"icon.default\">\n\t\t\t\t<div class=\"elementor-widget-container\">\n\t\t\t\t\t\t\t<div class=\"elementor-icon-wrapper\">\n\t\t\t<div class=\"elementor-icon\">\n\t\t\t<svg aria-hidden=\"true\" class=\"e-font-icon-svg e-fas-arrow-right\" viewbox=\"0 0 448 512\" xmlns=\"http:\/\/www.w3.org\/2000\/svg\"><path d=\"M190.5 66.9l22.2-22.2c9.4-9.4 24.6-9.4 33.9 0L441 239c9.4 9.4 9.4 24.6 0 33.9L246.6 467.3c-9.4 9.4-24.6 9.4-33.9 0l-22.2-22.2c-9.5-9.5-9.3-25 .4-34.3L311.4 296H24c-13.3 0-24-10.7-24-24v-32c0-13.3 10.7-24 24-24h287.4L190.9 101.2c-9.8-9.3-10-24.8-.4-34.3z\"><\/path><\/svg>\t\t\t<\/div>\n\t\t<\/div>\n\t\t\t\t\t\t<\/div>\n\t\t\t\t<\/div>\n\t\t\t\t<\/div>\n\t\t\t\t<div class=\"elementor-element elementor-element-36825be7 elementor-widget__width-initial elementor-absolute elementor-widget-divider--view-line elementor-invisible elementor-widget elementor-widget-divider\" data-id=\"36825be7\" data-element_type=\"widget\" data-settings=\"{&quot;_position&quot;:&quot;absolute&quot;,&quot;_animation&quot;:&quot;fadeIn&quot;,&quot;_animation_delay&quot;:50}\" data-widget_type=\"divider.default\">\n\t\t\t\t<div class=\"elementor-widget-container\">\n\t\t\t\t\t\t\t<div class=\"elementor-divider\">\n\t\t\t<span class=\"elementor-divider-separator\">\n\t\t\t\t\t\t<\/span>\n\t\t<\/div>\n\t\t\t\t\t\t<\/div>\n\t\t\t\t<\/div>\n\t\t\t\t<div class=\"elementor-element elementor-element-1a1b7207 animated-slow elementor-invisible elementor-widget elementor-widget-heading\" data-id=\"1a1b7207\" data-element_type=\"widget\" data-settings=\"{&quot;_animation&quot;:&quot;fadeInUp&quot;,&quot;_animation_delay&quot;:450}\" data-widget_type=\"heading.default\">\n\t\t\t\t<div class=\"elementor-widget-container\">\n\t\t\t\t\t<h2 class=\"elementor-heading-title elementor-size-default\">2<\/h2>\t\t\t\t<\/div>\n\t\t\t\t<\/div>\n\t\t\t\t<div class=\"elementor-element elementor-element-7c1d540 elementor-widget__width-initial elementor-absolute elementor-widget-divider--view-line elementor-invisible elementor-widget elementor-widget-divider\" data-id=\"7c1d540\" data-element_type=\"widget\" data-settings=\"{&quot;_position&quot;:&quot;absolute&quot;,&quot;_animation&quot;:&quot;fadeIn&quot;,&quot;_animation_delay&quot;:100}\" data-widget_type=\"divider.default\">\n\t\t\t\t<div class=\"elementor-widget-container\">\n\t\t\t\t\t\t\t<div class=\"elementor-divider\">\n\t\t\t<span class=\"elementor-divider-separator\">\n\t\t\t\t\t\t<\/span>\n\t\t<\/div>\n\t\t\t\t\t\t<\/div>\n\t\t\t\t<\/div>\n\t\t\t\t<\/div>\n\t\t\t\t\t<\/div>\n\t\t\t\t<\/a>\n\t\t<a class=\"elementor-element elementor-element-70de920b e-flex e-con-boxed e-con e-child\" data-id=\"70de920b\" data-element_type=\"container\" data-settings=\"{&quot;animation_mobile&quot;:&quot;fadeIn&quot;}\" href=\"https:\/\/shgguitars.com\/de\/gitarrenwerkstatt\/\">\n\t\t\t\t\t<div class=\"e-con-inner\">\n\t\t<div class=\"elementor-element elementor-element-2eaf35e5 e-con-full e-flex e-con e-child\" data-id=\"2eaf35e5\" data-element_type=\"container\">\n\t\t<div class=\"elementor-element elementor-element-4d2fa2d9 e-con-full animated-slow e-flex elementor-invisible e-con e-child\" data-id=\"4d2fa2d9\" data-element_type=\"container\" data-settings=\"{&quot;animation&quot;:&quot;fadeInUp&quot;,&quot;animation_delay&quot;:500}\">\n\t\t\t\t<div class=\"elementor-element elementor-element-3aa18a59 elementor-widget elementor-widget-heading\" data-id=\"3aa18a59\" data-element_type=\"widget\" data-widget_type=\"heading.default\">\n\t\t\t\t<div class=\"elementor-widget-container\">\n\t\t\t\t\t<h2 class=\"elementor-heading-title elementor-size-default translation-block\">GITARRENWERKSTATT<\/h2>\t\t\t\t<\/div>\n\t\t\t\t<\/div>\n\t\t\t\t<div class=\"elementor-element elementor-element-1e2d758c elementor-widget elementor-widget-heading\" data-id=\"1e2d758c\" data-element_type=\"widget\" data-widget_type=\"heading.default\">\n\t\t\t\t<div class=\"elementor-widget-container\">\n\t\t\t\t\t<h3 class=\"elementor-heading-title elementor-size-default\">Wartung, Einrichtung, Restaurierung, Reparatur und Modifizierung von Instrumenten<\/h3>\t\t\t\t<\/div>\n\t\t\t\t<\/div>\n\t\t\t\t<div class=\"elementor-element elementor-element-6a82b5b moving-icon elementor-hidden-desktop elementor-view-default elementor-widget elementor-widget-icon\" data-id=\"6a82b5b\" data-element_type=\"widget\" data-widget_type=\"icon.default\">\n\t\t\t\t<div class=\"elementor-widget-container\">\n\t\t\t\t\t\t\t<div class=\"elementor-icon-wrapper\">\n\t\t\t<div class=\"elementor-icon\">\n\t\t\t<svg aria-hidden=\"true\" class=\"e-font-icon-svg e-fas-arrow-right\" viewbox=\"0 0 448 512\" xmlns=\"http:\/\/www.w3.org\/2000\/svg\"><path d=\"M190.5 66.9l22.2-22.2c9.4-9.4 24.6-9.4 33.9 0L441 239c9.4 9.4 9.4 24.6 0 33.9L246.6 467.3c-9.4 9.4-24.6 9.4-33.9 0l-22.2-22.2c-9.5-9.5-9.3-25 .4-34.3L311.4 296H24c-13.3 0-24-10.7-24-24v-32c0-13.3 10.7-24 24-24h287.4L190.9 101.2c-9.8-9.3-10-24.8-.4-34.3z\"><\/path><\/svg>\t\t\t<\/div>\n\t\t<\/div>\n\t\t\t\t\t\t<\/div>\n\t\t\t\t<\/div>\n\t\t\t\t<\/div>\n\t\t\t\t<div class=\"elementor-element elementor-element-197a3fc animated-slow elementor-invisible elementor-widget elementor-widget-heading\" data-id=\"197a3fc\" data-element_type=\"widget\" data-settings=\"{&quot;_animation&quot;:&quot;fadeInUp&quot;,&quot;_animation_delay&quot;:700}\" data-widget_type=\"heading.default\">\n\t\t\t\t<div class=\"elementor-widget-container\">\n\t\t\t\t\t<h2 class=\"elementor-heading-title elementor-size-default\">3<\/h2>\t\t\t\t<\/div>\n\t\t\t\t<\/div>\n\t\t\t\t<div class=\"elementor-element elementor-element-422eed5d elementor-widget__width-initial elementor-absolute elementor-widget-divider--view-line elementor-invisible elementor-widget elementor-widget-divider\" data-id=\"422eed5d\" data-element_type=\"widget\" data-settings=\"{&quot;_position&quot;:&quot;absolute&quot;,&quot;_animation&quot;:&quot;fadeIn&quot;,&quot;_animation_delay&quot;:150}\" data-widget_type=\"divider.default\">\n\t\t\t\t<div class=\"elementor-widget-container\">\n\t\t\t\t\t\t\t<div class=\"elementor-divider\">\n\t\t\t<span class=\"elementor-divider-separator\">\n\t\t\t\t\t\t<\/span>\n\t\t<\/div>\n\t\t\t\t\t\t<\/div>\n\t\t\t\t<\/div>\n\t\t\t\t<\/div>\n\t\t\t\t\t<\/div>\n\t\t\t\t<\/a>\n\t\t\t\t<\/div>\n\t\t<div class=\"elementor-element elementor-element-8eb51e9 e-con-full e-flex e-con e-parent\" data-id=\"8eb51e9\" data-element_type=\"container\" data-settings=\"{&quot;background_background&quot;:&quot;classic&quot;}\">\n\t\t\t\t<\/div>\n\t\t<div class=\"elementor-element elementor-element-0a909ee e-con-full e-flex e-con e-parent\" data-id=\"0a909ee\" data-element_type=\"container\" data-settings=\"{&quot;background_background&quot;:&quot;classic&quot;,&quot;shape_divider_top&quot;:&quot;triangle-asymmetrical&quot;}\">\n\t\t\t\t<div class=\"elementor-shape elementor-shape-top\" aria-hidden=\"true\" data-negative=\"false\">\n\t\t\t<svg xmlns=\"http:\/\/www.w3.org\/2000\/svg\" viewbox=\"0 0 1000 100\" preserveaspectratio=\"none\">\n\t<path class=\"elementor-shape-fill\" d=\"M738,99l262-93V0H0v5.6L738,99z\"\/>\n<\/svg>\t\t<\/div>\n\t\t\t\t<\/div>\n\t\t\t\t<\/div>","protected":false},"excerpt":{"rendered":"<p>R\u00f3lam \u201cAz \u00d6reg\u201d \u00e9s a grunge K\u00e9t \u00f6sszetev\u0151: a fa \u00e9s a zene. Ezek az SHG alapanyagai. Az els\u0151t nagyap\u00e1mt\u00f3l kaptam, aki tiszteletre m\u00e9lt\u00f3 fafarag\u00f3 \u00e9s asztalosmester volt. A m\u00e1sik j\u00f6tt mag\u00e1t\u00f3l: 14 \u00e9vesen kezdtem el git\u00e1rozni. Rengeteg st\u00edlusban kipr\u00f3b\u00e1ltam magamat, de a grunge ir\u00e1nti rajong\u00e1som sosem sz\u0171nt meg. V\u00e9g\u00fcl ennek k\u00f6sz\u00f6nhet\u0151en kezdtem el hangszereket &#8230; <a title=\"\u00dcBER MICH\" class=\"read-more\" href=\"https:\/\/shgguitars.com\/de\/story\/\" aria-label=\"Mehr Informationen \u00fcber R\u00f3lam\">Weiterlesen<\/a><\/p>","protected":false},"author":2,"featured_media":0,"parent":0,"menu_order":0,"comment_status":"closed","ping_status":"closed","template":"elementor_header_footer","meta":{"_acf_changed":false,"_seopress_robots_primary_cat":"","_seopress_titles_title":"R\u00f3lam- SHG GUITARS - Git\u00e1rk\u00e9sz\u00edt\u00e9s, Hangszerk\u00e9sz\u00edt\u00e9s, Szerviz","_seopress_titles_desc":"2013 \u00f3ta \u00e9p\u00edtek git\u00e1rokat. Mindig is tiszteltem a hagyom\u00e1nyos diz\u00e1jnokat, de ugyanakkor egy kicsit \u201cl\u00e1zadok\u201d is ellen\u00fck. Elv\u00e9gre mi\u00e9rt ne kaphatna egy stratocaster egy olyan megold\u00e1st, ami am\u00fagy nem jellemz\u0151, de m\u00e9gis jav\u00edt a hangz\u00e1son \u00e9s a j\u00e1t\u00e9k\u00e9lm\u00e9nyen?","_seopress_robots_index":"","inline_featured_image":false,"_monsterinsights_skip_tracking":false,"_monsterinsights_sitenote_active":false,"_monsterinsights_sitenote_note":"","_monsterinsights_sitenote_category":0,"footnotes":""},"class_list":["post-3075","page","type-page","status-publish"],"acf":[],"_links":{"self":[{"href":"https:\/\/shgguitars.com\/de\/wp-json\/wp\/v2\/pages\/3075","targetHints":{"allow":["GET"]}}],"collection":[{"href":"https:\/\/shgguitars.com\/de\/wp-json\/wp\/v2\/pages"}],"about":[{"href":"https:\/\/shgguitars.com\/de\/wp-json\/wp\/v2\/types\/page"}],"author":[{"embeddable":true,"href":"https:\/\/shgguitars.com\/de\/wp-json\/wp\/v2\/users\/2"}],"replies":[{"embeddable":true,"href":"https:\/\/shgguitars.com\/de\/wp-json\/wp\/v2\/comments?post=3075"}],"version-history":[{"count":0,"href":"https:\/\/shgguitars.com\/de\/wp-json\/wp\/v2\/pages\/3075\/revisions"}],"wp:attachment":[{"href":"https:\/\/shgguitars.com\/de\/wp-json\/wp\/v2\/media?parent=3075"}],"curies":[{"name":"wp","href":"https:\/\/api.w.org\/{rel}","templated":true}]}}