{"id":3060,"date":"2024-05-27T20:16:16","date_gmt":"2024-05-27T18:16:16","guid":{"rendered":"https:\/\/shgguitars.com\/?page_id=3060"},"modified":"2025-02-12T16:00:42","modified_gmt":"2025-02-12T14:00:42","slug":"kontakt","status":"publish","type":"page","link":"https:\/\/shgguitars.com\/de\/kontakt\/","title":{"rendered":"Kontakt"},"content":{"rendered":"<div data-elementor-type=\"wp-page\" data-elementor-id=\"3060\" class=\"elementor elementor-3060\" data-elementor-post-type=\"page\">\n\t\t\t\t<div class=\"elementor-element elementor-element-6ccf81a8 e-con-full e-flex e-con e-parent\" data-id=\"6ccf81a8\" data-element_type=\"container\" data-settings=\"{&quot;background_background&quot;:&quot;gradient&quot;,&quot;shape_divider_bottom&quot;:&quot;triangle-asymmetrical&quot;}\">\n\t\t\t\t<div class=\"elementor-shape elementor-shape-bottom\" aria-hidden=\"true\" data-negative=\"false\">\n\t\t\t<svg xmlns=\"http:\/\/www.w3.org\/2000\/svg\" viewbox=\"0 0 1000 100\" preserveaspectratio=\"none\">\n\t<path class=\"elementor-shape-fill\" d=\"M738,99l262-93V0H0v5.6L738,99z\"\/>\n<\/svg>\t\t<\/div>\n\t\t\t\t<div class=\"elementor-element elementor-element-2ebb5e82 elementor-widget elementor-widget-heading\" data-id=\"2ebb5e82\" data-element_type=\"widget\" data-widget_type=\"heading.default\">\n\t\t\t\t<div class=\"elementor-widget-container\">\n\t\t\t\t\t<h1 class=\"elementor-heading-title elementor-size-default\">KONTAKT<\/h1>\t\t\t\t<\/div>\n\t\t\t\t<\/div>\n\t\t\t\t<\/div>\n\t\t<div class=\"elementor-element elementor-element-bd02927 e-con-full e-flex e-con e-parent\" data-id=\"bd02927\" data-element_type=\"container\" data-settings=\"{&quot;background_background&quot;:&quot;classic&quot;}\">\n\t\t<div class=\"elementor-element elementor-element-7411b93b e-con-full e-flex e-con e-child\" data-id=\"7411b93b\" data-element_type=\"container\" data-settings=\"{&quot;background_background&quot;:&quot;classic&quot;}\">\n\t\t\t\t<div class=\"elementor-element elementor-element-5b6a4a6e elementor-widget elementor-widget-heading\" data-id=\"5b6a4a6e\" data-element_type=\"widget\" data-widget_type=\"heading.default\">\n\t\t\t\t<div class=\"elementor-widget-container\">\n\t\t\t\t\t<h2 class=\"elementor-heading-title elementor-size-default\">KONTAKT<\/h2>\t\t\t\t<\/div>\n\t\t\t\t<\/div>\n\t\t\t\t<div class=\"elementor-element elementor-element-7733e366 elementor-widget__width-initial elementor-widget elementor-widget-heading\" data-id=\"7733e366\" data-element_type=\"widget\" data-widget_type=\"heading.default\">\n\t\t\t\t<div class=\"elementor-widget-container\">\n\t\t\t\t\t<h2 class=\"elementor-heading-title elementor-size-default\">Wenn Sie eine einzigartige Gitarre \/ \u00c4nderung \/ Service ben\u00f6tigen,<br>kontaktieren Sie mich!<\/h2>\t\t\t\t<\/div>\n\t\t\t\t<\/div>\n\t\t<div class=\"elementor-element elementor-element-4d1eac1a e-con-full e-flex e-con e-child\" data-id=\"4d1eac1a\" data-element_type=\"container\">\n\t\t<div class=\"elementor-element elementor-element-3ae0c9c6 e-con-full e-flex e-con e-child\" data-id=\"3ae0c9c6\" data-element_type=\"container\">\n\t\t<div class=\"elementor-element elementor-element-2b3a4c6b e-flex e-con-boxed e-con e-child\" data-id=\"2b3a4c6b\" data-element_type=\"container\">\n\t\t\t\t\t<div class=\"e-con-inner\">\n\t\t\t\t<div class=\"elementor-element elementor-element-4d767a56 elementor-align-justify elementor-widget__width-initial elementor-widget elementor-widget-button\" data-id=\"4d767a56\" data-element_type=\"widget\" data-widget_type=\"button.default\">\n\t\t\t\t<div class=\"elementor-widget-container\">\n\t\t\t\t\t\t\t\t\t<div class=\"elementor-button-wrapper\">\n\t\t\t\t\t<a class=\"elementor-button elementor-button-link elementor-size-sm\" href=\"mailto:szaki@shgguitars.com\">\n\t\t\t\t\t\t<span class=\"elementor-button-content-wrapper\">\n\t\t\t\t\t\t\t\t\t<span class=\"elementor-button-text\">szaki@shgguitars.com<\/span>\n\t\t\t\t\t<\/span>\n\t\t\t\t\t<\/a>\n\t\t\t\t<\/div>\n\t\t\t\t\t\t\t\t<\/div>\n\t\t\t\t<\/div>\n\t\t\t\t<div class=\"elementor-element elementor-element-f21e6f2 elementor-align-justify elementor-widget__width-initial elementor-widget elementor-widget-button\" data-id=\"f21e6f2\" data-element_type=\"widget\" data-widget_type=\"button.default\">\n\t\t\t\t<div class=\"elementor-widget-container\">\n\t\t\t\t\t\t\t\t\t<div class=\"elementor-button-wrapper\">\n\t\t\t\t\t<a class=\"elementor-button elementor-button-link elementor-size-sm\" href=\"tel:+36705136874\">\n\t\t\t\t\t\t<span class=\"elementor-button-content-wrapper\">\n\t\t\t\t\t\t\t\t\t<span class=\"elementor-button-text\">+36 70 513 6874<\/span>\n\t\t\t\t\t<\/span>\n\t\t\t\t\t<\/a>\n\t\t\t\t<\/div>\n\t\t\t\t\t\t\t\t<\/div>\n\t\t\t\t<\/div>\n\t\t\t\t\t<\/div>\n\t\t\t\t<\/div>\n\t\t<div class=\"elementor-element elementor-element-772d7f65 e-flex e-con-boxed e-con e-child\" data-id=\"772d7f65\" data-element_type=\"container\">\n\t\t\t\t\t<div class=\"e-con-inner\">\n\t\t\t\t<div class=\"elementor-element elementor-element-4ca8ba51 elementor-align-justify elementor-widget__width-initial elementor-widget elementor-widget-button\" data-id=\"4ca8ba51\" data-element_type=\"widget\" data-widget_type=\"button.default\">\n\t\t\t\t<div class=\"elementor-widget-container\">\n\t\t\t\t\t\t\t\t\t<div class=\"elementor-button-wrapper\">\n\t\t\t\t\t<a class=\"elementor-button elementor-button-link elementor-size-sm\" href=\"https:\/\/www.facebook.com\/shg.guitars\">\n\t\t\t\t\t\t<span class=\"elementor-button-content-wrapper\">\n\t\t\t\t\t\t\t\t\t<span class=\"elementor-button-text\">facebook<\/span>\n\t\t\t\t\t<\/span>\n\t\t\t\t\t<\/a>\n\t\t\t\t<\/div>\n\t\t\t\t\t\t\t\t<\/div>\n\t\t\t\t<\/div>\n\t\t\t\t<div class=\"elementor-element elementor-element-2e3b270c elementor-align-justify elementor-widget__width-initial elementor-widget elementor-widget-button\" data-id=\"2e3b270c\" data-element_type=\"widget\" data-widget_type=\"button.default\">\n\t\t\t\t<div class=\"elementor-widget-container\">\n\t\t\t\t\t\t\t\t\t<div class=\"elementor-button-wrapper\">\n\t\t\t\t\t<a class=\"elementor-button elementor-button-link elementor-size-sm\" href=\"https:\/\/www.youtube.com\/channel\/UChcTwUeCQDhLPNvN_8nw5gg\">\n\t\t\t\t\t\t<span class=\"elementor-button-content-wrapper\">\n\t\t\t\t\t\t\t\t\t<span class=\"elementor-button-text\">youtube<\/span>\n\t\t\t\t\t<\/span>\n\t\t\t\t\t<\/a>\n\t\t\t\t<\/div>\n\t\t\t\t\t\t\t\t<\/div>\n\t\t\t\t<\/div>\n\t\t\t\t<div class=\"elementor-element elementor-element-11afcd0d elementor-align-justify elementor-widget__width-initial elementor-widget elementor-widget-button\" data-id=\"11afcd0d\" data-element_type=\"widget\" data-widget_type=\"button.default\">\n\t\t\t\t<div class=\"elementor-widget-container\">\n\t\t\t\t\t\t\t\t\t<div class=\"elementor-button-wrapper\">\n\t\t\t\t\t<a class=\"elementor-button elementor-button-link elementor-size-sm\" href=\"https:\/\/www.instagram.com\/shg.guitars\/\">\n\t\t\t\t\t\t<span class=\"elementor-button-content-wrapper\">\n\t\t\t\t\t\t\t\t\t<span class=\"elementor-button-text\">instagram<\/span>\n\t\t\t\t\t<\/span>\n\t\t\t\t\t<\/a>\n\t\t\t\t<\/div>\n\t\t\t\t\t\t\t\t<\/div>\n\t\t\t\t<\/div>\n\t\t\t\t\t<\/div>\n\t\t\t\t<\/div>\n\t\t\t\t<\/div>\n\t\t<div class=\"elementor-element elementor-element-4161b64d e-con-full elementor-hidden-desktop elementor-hidden-tablet_extra elementor-hidden-tablet elementor-hidden-mobile e-flex e-con e-child\" data-id=\"4161b64d\" data-element_type=\"container\">\n\t\t\t\t<div class=\"elementor-element elementor-element-37489409 elementor-widget elementor-widget-text-path\" data-id=\"37489409\" data-element_type=\"widget\" data-settings=\"{&quot;text&quot;:&quot;kapcsolatfelv\\u00e9tel * kapcsolatfelv\\u00e9tel *&quot;,&quot;link&quot;:{&quot;url&quot;:&quot;&quot;,&quot;is_external&quot;:&quot;&quot;,&quot;nofollow&quot;:&quot;&quot;,&quot;custom_attributes&quot;:&quot;&quot;},&quot;start_point&quot;:{&quot;unit&quot;:&quot;%&quot;,&quot;size&quot;:0,&quot;sizes&quot;:[]}}\" data-widget_type=\"text-path.default\">\n\t\t\t\t<div class=\"elementor-widget-container\">\n\t\t\t\t\t\t\t<div class=\"e-text-path\" data-text=\"kapcsolatfelv&eacute;tel * kapcsolatfelv&eacute;tel *\" data-url=\"\/\/shgguitars.com\/wp-content\/plugins\/elementor\/assets\/svg-paths\/circle.svg\" data-link-url=\"\"><\/div>\n\t\t\t\t\t\t<\/div>\n\t\t\t\t<\/div>\n\t\t\t\t<div class=\"elementor-element elementor-element-33164d0d elementor-absolute e-transform elementor-view-default elementor-widget elementor-widget-icon\" data-id=\"33164d0d\" data-element_type=\"widget\" data-settings=\"{&quot;_position&quot;:&quot;absolute&quot;,&quot;_transform_translateX_effect_mobile&quot;:{&quot;unit&quot;:&quot;px&quot;,&quot;size&quot;:15,&quot;sizes&quot;:[]},&quot;_transform_translateX_effect&quot;:{&quot;unit&quot;:&quot;px&quot;,&quot;size&quot;:&quot;&quot;,&quot;sizes&quot;:[]},&quot;_transform_translateX_effect_tablet_extra&quot;:{&quot;unit&quot;:&quot;px&quot;,&quot;size&quot;:&quot;&quot;,&quot;sizes&quot;:[]},&quot;_transform_translateX_effect_tablet&quot;:{&quot;unit&quot;:&quot;px&quot;,&quot;size&quot;:&quot;&quot;,&quot;sizes&quot;:[]},&quot;_transform_translateY_effect&quot;:{&quot;unit&quot;:&quot;px&quot;,&quot;size&quot;:&quot;&quot;,&quot;sizes&quot;:[]},&quot;_transform_translateY_effect_tablet_extra&quot;:{&quot;unit&quot;:&quot;px&quot;,&quot;size&quot;:&quot;&quot;,&quot;sizes&quot;:[]},&quot;_transform_translateY_effect_tablet&quot;:{&quot;unit&quot;:&quot;px&quot;,&quot;size&quot;:&quot;&quot;,&quot;sizes&quot;:[]},&quot;_transform_translateY_effect_mobile&quot;:{&quot;unit&quot;:&quot;px&quot;,&quot;size&quot;:&quot;&quot;,&quot;sizes&quot;:[]}}\" data-widget_type=\"icon.default\">\n\t\t\t\t<div class=\"elementor-widget-container\">\n\t\t\t\t\t\t\t<div class=\"elementor-icon-wrapper\">\n\t\t\t<a class=\"elementor-icon\" href=\"#contact\">\n\t\t\t<svg aria-hidden=\"true\" class=\"e-font-icon-svg e-fas-arrow-down\" viewbox=\"0 0 448 512\" xmlns=\"http:\/\/www.w3.org\/2000\/svg\"><path d=\"M413.1 222.5l22.2 22.2c9.4 9.4 9.4 24.6 0 33.9L241 473c-9.4 9.4-24.6 9.4-33.9 0L12.7 278.6c-9.4-9.4-9.4-24.6 0-33.9l22.2-22.2c9.5-9.5 25-9.3 34.3.4L184 343.4V56c0-13.3 10.7-24 24-24h32c13.3 0 24 10.7 24 24v287.4l114.8-120.5c9.3-9.8 24.8-10 34.3-.4z\"><\/path><\/svg>\t\t\t<\/a>\n\t\t<\/div>\n\t\t\t\t\t\t<\/div>\n\t\t\t\t<\/div>\n\t\t\t\t<\/div>\n\t\t\t\t<\/div>\n\t\t\t\t<\/div>\n\t\t\t\t<div class=\"elementor-element elementor-element-94aaef5 mdw-modern-form elementor-button-align-stretch elementor-widget elementor-widget-form\" data-id=\"94aaef5\" data-element_type=\"widget\" id=\"contact\" data-settings=\"{&quot;step_next_label&quot;:&quot;K\\u00f6vetkez\\u0151&quot;,&quot;step_previous_label&quot;:&quot;El\\u0151z\\u0151&quot;,&quot;button_width&quot;:&quot;100&quot;,&quot;step_type&quot;:&quot;number_text&quot;,&quot;step_icon_shape&quot;:&quot;circle&quot;}\" data-widget_type=\"form.default\">\n\t\t\t\t<div class=\"elementor-widget-container\">\n\t\t\t\t\t\t\t<form class=\"elementor-form\" method=\"post\" name=\"\u00daj \u0171rlap\" aria-label=\"\u00daj \u0171rlap\" action=\"\">\n\t\t\t<input type=\"hidden\" name=\"post_id\" value=\"3060\"\/>\n\t\t\t<input type=\"hidden\" name=\"form_id\" value=\"94aaef5\"\/>\n\t\t\t<input type=\"hidden\" name=\"referer_title\" value=\"Kapcsolat\" \/>\n\n\t\t\t\t\t\t\t<input type=\"hidden\" name=\"queried_id\" value=\"3060\"\/>\n\t\t\t\n\t\t\t<div class=\"elementor-form-fields-wrapper elementor-labels-\">\n\t\t\t\t\t\t\t\t<div class=\"elementor-field-type-text elementor-field-group elementor-column elementor-field-group-name elementor-col-33 elementor-field-required\">\n\t\t\t\t\t\t\t\t\t\t\t\t<label for=\"form-field-name\" class=\"elementor-field-label elementor-screen-only\">\n\t\t\t\t\t\t\t\tName\t\t\t\t\t\t\t<\/label>\n\t\t\t\t\t\t\t\t\t\t\t\t\t\t<input size=\"1\" type=\"text\" name=\"form_fields[name]\" id=\"form-field-name\" class=\"elementor-field elementor-size-sm  elementor-field-textual\" placeholder=\"Name\" required=\"required\">\n\t\t\t\t\t\t\t\t\t\t\t<\/div>\n\t\t\t\t\t\t\t\t<div class=\"elementor-field-type-email elementor-field-group elementor-column elementor-field-group-email elementor-col-33 elementor-field-required\">\n\t\t\t\t\t\t\t\t\t\t\t\t<label for=\"form-field-email\" class=\"elementor-field-label elementor-screen-only\">\n\t\t\t\t\t\t\t\tE-Mail-Adresse\t\t\t\t\t\t\t<\/label>\n\t\t\t\t\t\t\t\t\t\t\t\t\t\t<input size=\"1\" type=\"email\" name=\"form_fields[email]\" id=\"form-field-email\" class=\"elementor-field elementor-size-sm  elementor-field-textual\" placeholder=\"E-Mail-Adresse\" required=\"required\">\n\t\t\t\t\t\t\t\t\t\t\t<\/div>\n\t\t\t\t\t\t\t\t<div class=\"elementor-field-type-text elementor-field-group elementor-column elementor-field-group-field_88e7be5 elementor-col-33\">\n\t\t\t\t\t\t\t\t\t\t\t\t<label for=\"form-field-field_88e7be5\" class=\"elementor-field-label elementor-screen-only\">\n\t\t\t\t\t\t\t\tBetreff\t\t\t\t\t\t\t<\/label>\n\t\t\t\t\t\t\t\t\t\t\t\t\t\t<input size=\"1\" type=\"text\" name=\"form_fields[field_88e7be5]\" id=\"form-field-field_88e7be5\" class=\"elementor-field elementor-size-sm  elementor-field-textual\" placeholder=\"Betreff\">\n\t\t\t\t\t\t\t\t\t\t\t<\/div>\n\t\t\t\t\t\t\t\t<div class=\"elementor-field-type-textarea elementor-field-group elementor-column elementor-field-group-message elementor-col-100\">\n\t\t\t\t\t\t\t\t\t\t\t\t<label for=\"form-field-message\" class=\"elementor-field-label elementor-screen-only\">\n\t\t\t\t\t\t\t\tNachricht\t\t\t\t\t\t\t<\/label>\n\t\t\t\t\t\t<textarea class=\"elementor-field-textual elementor-field  elementor-size-sm\" name=\"form_fields[message]\" id=\"form-field-message\" rows=\"4\" placeholder=\"Nachricht\"><\/textarea>\t\t\t\t<\/div>\n\t\t\t\t\t\t\t\t<div class=\"elementor-field-type-text\">\n\t\t\t\t\t<input size=\"1\" type=\"text\" name=\"form_fields[field_37d5a3d]\" id=\"form-field-field_37d5a3d\" class=\"elementor-field elementor-size-sm\" style=\"display:none !important;\">\t\t\t\t<\/div>\n\t\t\t\t\t\t\t\t<div class=\"elementor-field-type-recaptcha_v3 elementor-field-group elementor-column elementor-field-group-field_c081ba2 elementor-col-100 recaptcha_v3-bottomleft\">\n\t\t\t\t\t<div class=\"elementor-field\" id=\"form-field-field_c081ba2\"><div class=\"elementor-g-recaptcha\" data-sitekey=\"6LfN8_4pAAAAAE_iWEKjzvHr26v2KvvQtrgVnvJb\" data-type=\"v3\" data-action=\"Form\" data-badge=\"bottomleft\" data-size=\"invisible\"><\/div><\/div>\t\t\t\t<\/div>\n\t\t\t\t\t\t\t\t<div class=\"elementor-field-type-hidden elementor-field-group elementor-column elementor-field-group-trp_language elementor-col-100\">\n\t\t\t\t\t\t\t\t\t\t\t\t\t<input size=\"1\" type=\"hidden\" name=\"form_fields[trp_language]\" id=\"form-field-trp_language\" class=\"elementor-field elementor-size-sm  elementor-field-textual\" value=\"[trp_language]\">\n\t\t\t\t\t\t\t\t\t\t\t<\/div>\n\t\t\t\t\t\t\t\t<div class=\"elementor-field-group elementor-column elementor-field-type-submit elementor-col-100 e-form__buttons\">\n\t\t\t\t\t<button class=\"elementor-button elementor-size-sm\" type=\"submit\">\n\t\t\t\t\t\t<span class=\"elementor-button-content-wrapper\">\n\t\t\t\t\t\t\t\t\t\t\t\t\t\t\t<span class=\"elementor-button-icon\">\n\t\t\t\t\t\t\t\t\t<svg aria-hidden=\"true\" class=\"e-font-icon-svg e-far-paper-plane\" viewbox=\"0 0 512 512\" xmlns=\"http:\/\/www.w3.org\/2000\/svg\"><path d=\"M440 6.5L24 246.4c-34.4 19.9-31.1 70.8 5.7 85.9L144 379.6V464c0 46.4 59.2 65.5 86.6 28.6l43.8-59.1 111.9 46.2c5.9 2.4 12.1 3.6 18.3 3.6 8.2 0 16.3-2.1 23.6-6.2 12.8-7.2 21.6-20 23.9-34.5l59.4-387.2c6.1-40.1-36.9-68.8-71.5-48.9zM192 464v-64.6l36.6 15.1L192 464zm212.6-28.7l-153.8-63.5L391 169.5c10.7-15.5-9.5-33.5-23.7-21.2L155.8 332.6 48 288 464 48l-59.4 387.3z\"><\/path><\/svg>\t\t\t\t\t\t\t\t\t\t\t\t\t\t\t\t\t<\/span>\n\t\t\t\t\t\t\t\t\t\t\t\t\t\t\t\t\t\t\t\t\t\t<span class=\"elementor-button-text\">Senden<\/span>\n\t\t\t\t\t\t\t\t\t\t\t\t\t<\/span>\n\t\t\t\t\t<\/button>\n\t\t\t\t<\/div>\n\t\t\t<\/div>\n\t\t<input type=\"hidden\" name=\"trp-form-language\" value=\"de\"\/><\/form>\n\t\t\t\t\t\t<\/div>\n\t\t\t\t<\/div>\n\t\t\t\t<div class=\"elementor-element elementor-element-49f3328c elementor-widget elementor-widget-text-editor\" data-id=\"49f3328c\" data-element_type=\"widget\" data-widget_type=\"text-editor.default\">\n\t\t\t\t<div class=\"elementor-widget-container\">\n\t\t\t\t\t\t\t\t\t<p>This site is protected by reCAPTCHA and the Google<br \/><a style=\"color: white;\" href=\"https:\/\/policies.google.com\/privacy\">Privacy Policy<\/a> and<br \/><a style=\"color: white;\" href=\"https:\/\/policies.google.com\/terms\">Terms of Service<\/a> apply.<\/p>\t\t\t\t\t\t\t\t<\/div>\n\t\t\t\t<\/div>\n\t\t\t\t<\/div>\n\t\t<div class=\"elementor-element elementor-element-44af948 e-con-full e-flex e-con e-parent\" data-id=\"44af948\" data-element_type=\"container\">\n\t\t\t\t<div class=\"elementor-element elementor-element-f4db7b1 elementor-widget elementor-widget-html\" data-id=\"f4db7b1\" data-element_type=\"widget\" data-widget_type=\"html.default\">\n\t\t\t\t<div class=\"elementor-widget-container\">\n\t\t\t\t\t<script src=\"https:\/\/code.jquery.com\/jquery-3.6.0.min.js\"><\/script>\r\n<script>\r\n\r\nvar $ = jQuery\r\n\r\n$(document).ready(function(){\r\n    \r\n    \/\/ Fixed text path link issue\r\n    \r\n    $('.elementor-widget-text-path').each(function(){\r\n        var $this = $(this)\r\n            link = JSON.parse($this.attr('data-settings')).link.url\r\n\r\n        $this.find('.e-text-path').wrap('<a href=\"' + link + '\"><\/a>')\r\n    })\r\n    \r\n    \/\/ Validate email pattern\r\n\r\n    function validateEmail(email) {\r\n        var emailReg = \/^([\\w-\\.]+@([\\w-]+\\.)+[\\w-]{2,4})?$\/;\r\n        return emailReg.test(email)\r\n    }\r\n    \r\n    \/\/ Remove form result message\r\n\r\n    function removeFormError(form){\r\n        var formError = form.find('.elementor-form-fields-wrapper + .elementor-message')\r\n            formError.fadeOut(400)\r\n            setTimeout(function(){\r\n                formError.remove()\r\n            },410)\r\n    }\r\n    \r\n    \/\/ Get error message values from CSS\r\n    \r\n    function getCSSValue(el, prop, defaultValue='') {\r\n        \r\n        if( ! el.css(prop) ) return defaultValue\r\n        \r\n        var value = el.css(prop).trim().replace(\/^\\'+|\\'+$\/g, '').replace(\/^\\\"+|\\\"+$\/g, '')\r\n        if(value){\r\n            return value\r\n        }else{\r\n            return defaultValue\r\n        }\r\n    }\r\n\r\n    $('.mdw-modern-form').each(function(){\r\n        \r\n        var $this = $(this),\r\n        wrapper = $this.find('.elementor-form-fields-wrapper')\r\n        form = $(this).find('form')\r\n\r\n        \r\n        \/\/ Change form structure\r\n        \r\n        wrapper.children().wrapAll('<div class=\"elementor-form-fields-wrapper form-left\"><\/div>')\r\n        wrapper.append($this.find('.elementor-field-type-submit'))\r\n        \r\n        \r\n        \/\/ Show inline field errors\r\n\r\n        form.find('input, textarea').on('invalid', function(e){\r\n            e.preventDefault()\r\n            if( $(this).val() == '' ){\r\n                $(this).closest('.elementor-field-group').find('.elementor-message').remove()\r\n                $(this).after('<span class=\"elementor-message elementor-message-danger elementor-help-inline elementor-form-help-inline\" role=\"alert\">' + getCSSValue($this, '--empty-error', 'This field is required.') + '<\/span>')    \r\n            }\r\n            if( $(this).attr('type') == 'email' && !validateEmail($(this).val()) ){\r\n                $(this).closest('.elementor-field-group').find('.elementor-message').remove()\r\n                $(this).after('<span class=\"elementor-message elementor-message-danger elementor-help-inline elementor-form-help-inline\" role=\"alert\">' + getCSSValue($this, '--email-error', 'This is not a valid email.') + '<\/span>')    \r\n            }\r\n            removeFormError(form)\r\n\r\n        })\r\n\r\n        form.find('input, textarea').on('focus', function(){\r\n            $(this).closest('.elementor-field-group').find('.elementor-message').remove()\r\n            removeFormError(form)\r\n        })\r\n        \r\n        \/\/ Show form result message\r\n\r\n        form.on('submit', function(){\r\n            submitInterval = setInterval(function(){\r\n                if( form.find('.elementor-form-fields-wrapper + .elementor-message').length ){\r\n                    clearInterval(submitInterval)\r\n                    if( form.find('.elementor-form-fields-wrapper + .elementor-message').hasClass('elementor-message-success') ){\r\n                        setTimeout(function(){\r\n                            removeFormError(form)    \r\n                        },2000)\r\n                    }\r\n                }\r\n            },1000)\r\n        })\r\n    })\r\n})\r\n<\/script>\t\t\t\t<\/div>\n\t\t\t\t<\/div>\n\t\t\t\t<\/div>\n\t\t<div class=\"elementor-element elementor-element-4608e6e e-con-full e-flex e-con e-parent\" data-id=\"4608e6e\" data-element_type=\"container\" data-settings=\"{&quot;background_background&quot;:&quot;classic&quot;,&quot;shape_divider_top&quot;:&quot;triangle-asymmetrical&quot;}\">\n\t\t\t\t<div class=\"elementor-shape elementor-shape-top\" aria-hidden=\"true\" data-negative=\"false\">\n\t\t\t<svg xmlns=\"http:\/\/www.w3.org\/2000\/svg\" viewbox=\"0 0 1000 100\" preserveaspectratio=\"none\">\n\t<path class=\"elementor-shape-fill\" d=\"M738,99l262-93V0H0v5.6L738,99z\"\/>\n<\/svg>\t\t<\/div>\n\t\t\t\t<\/div>\n\t\t\t\t<\/div>","protected":false},"excerpt":{"rendered":"<p>KAPCSOLAT Kapcsolatfelv\u00e9tel Ha egyedi git\u00e1rt szeretn\u00e9l, \u00e1talak\u00edttatn\u00e1l vagy szervizeltetn\u00e9l!\u00cdrj nekem! szaki@shgguitars.com +36 70 513 6874 facebook youtube instagram This site is protected by reCAPTCHA and the GooglePrivacy Policy andTerms of Service apply.<\/p>","protected":false},"author":2,"featured_media":0,"parent":0,"menu_order":0,"comment_status":"closed","ping_status":"closed","template":"","meta":{"_acf_changed":false,"_seopress_robots_primary_cat":"","_seopress_titles_title":"","_seopress_titles_desc":"Kapcsolatfelv\u00e9tel - Ha egyedi git\u00e1rt szeretn\u00e9l, \u00e1talak\u00edttatn\u00e1l vagy szervizeltetn\u00e9l! \u00cdrj nekem! E-mail : szaki@shgguitars.com , Telefon: +36705136874","_seopress_robots_index":"","inline_featured_image":false,"_monsterinsights_skip_tracking":false,"_monsterinsights_sitenote_active":false,"_monsterinsights_sitenote_note":"","_monsterinsights_sitenote_category":0,"footnotes":""},"class_list":["post-3060","page","type-page","status-publish"],"acf":[],"_links":{"self":[{"href":"https:\/\/shgguitars.com\/de\/wp-json\/wp\/v2\/pages\/3060","targetHints":{"allow":["GET"]}}],"collection":[{"href":"https:\/\/shgguitars.com\/de\/wp-json\/wp\/v2\/pages"}],"about":[{"href":"https:\/\/shgguitars.com\/de\/wp-json\/wp\/v2\/types\/page"}],"author":[{"embeddable":true,"href":"https:\/\/shgguitars.com\/de\/wp-json\/wp\/v2\/users\/2"}],"replies":[{"embeddable":true,"href":"https:\/\/shgguitars.com\/de\/wp-json\/wp\/v2\/comments?post=3060"}],"version-history":[{"count":0,"href":"https:\/\/shgguitars.com\/de\/wp-json\/wp\/v2\/pages\/3060\/revisions"}],"wp:attachment":[{"href":"https:\/\/shgguitars.com\/de\/wp-json\/wp\/v2\/media?parent=3060"}],"curies":[{"name":"wp","href":"https:\/\/api.w.org\/{rel}","templated":true}]}}